{"id":4711,"date":"2025-02-19T19:30:29","date_gmt":"2025-02-19T18:30:29","guid":{"rendered":"https:\/\/begabungsbruecke.de\/?page_id=4711"},"modified":"2025-02-19T19:36:26","modified_gmt":"2025-02-19T18:36:26","slug":"fuer-sie","status":"publish","type":"page","link":"https:\/\/begabungsbruecke.de\/?page_id=4711","title":{"rendered":"F\u00fcr Sie"},"content":{"rendered":"\t\t<div data-elementor-type=\"wp-page\" data-elementor-id=\"4711\" class=\"elementor elementor-4711\">\n\t\t\t\t<div class=\"elementor-element elementor-element-3fd444c e-flex e-con-boxed e-con e-parent\" data-id=\"3fd444c\" data-element_type=\"container\" data-settings=\"{&quot;background_background&quot;:&quot;classic&quot;}\">\n\t\t\t\t\t<div class=\"e-con-inner\">\n\t\t\t\t<div class=\"elementor-element elementor-element-799f6e6 elementor-widget elementor-widget-heading\" data-id=\"799f6e6\" data-element_type=\"widget\" data-widget_type=\"heading.default\">\n\t\t\t\t<div class=\"elementor-widget-container\">\n\t\t\t\t\t<h1 class=\"elementor-heading-title elementor-size-default\">F\u00fcr Sie<\/h1>\t\t\t\t<\/div>\n\t\t\t\t<\/div>\n\t\t\t\t\t<\/div>\n\t\t\t\t<\/div>\n\t\t<div class=\"elementor-element elementor-element-be6c1d4 e-flex e-con-boxed e-con e-parent\" data-id=\"be6c1d4\" data-element_type=\"container\">\n\t\t\t\t\t<div class=\"e-con-inner\">\n\t\t\t\t<div class=\"elementor-element elementor-element-59d658a elementor-widget elementor-widget-text-editor\" data-id=\"59d658a\" data-element_type=\"widget\" data-widget_type=\"text-editor.default\">\n\t\t\t\t<div class=\"elementor-widget-container\">\n\t\t\t\t\t\t\t\t\t<p><span class=\"ng-binding ng-isolate-scope\">Hier habe ich kostenlose Downloads f\u00fcr Sie zusammengestellt<\/span>:<br \/><a href=\"https:\/\/begabungsbruecke.de\/wp-content\/uploads\/2025\/02\/Hausaufgabenplan.pdf\">Hausaufgabenplan<\/a><br \/><a href=\"https:\/\/begabungsbruecke.de\/wp-content\/uploads\/2025\/02\/Tanz-der-Wirbelsaeule-2.pdf\">Tanz der Wirbels\u00e4ule<\/a>\u00a0<\/p><p>Um niemanden aus finanziellen Gr\u00fcnden von meinen Angeboten auszuschlie\u00dfen, arbeite ich 1 \u00bd Stunden monatlich ehrenamtlich. Sprechen Sie mich gerne darauf an.<\/p>\t\t\t\t\t\t\t\t<\/div>\n\t\t\t\t<\/div>\n\t\t\t\t\t<\/div>\n\t\t\t\t<\/div>\n\t\t\t\t<\/div>\n\t\t","protected":false},"excerpt":{"rendered":"<p>F\u00fcr Sie Hier habe ich kostenlose Downloads f\u00fcr Sie zusammengestellt:HausaufgabenplanTanz der Wirbels\u00e4ule\u00a0 Um niemanden aus finanziellen Gr\u00fcnden von meinen Angeboten auszuschlie\u00dfen, arbeite ich 1 \u00bd Stunden monatlich ehrenamtlich. Sprechen Sie mich gerne darauf an.<\/p>\n","protected":false},"author":1,"featured_media":0,"parent":0,"menu_order":0,"comment_status":"closed","ping_status":"closed","template":"","meta":{"site-sidebar-layout":"no-sidebar","site-content-layout":"page-builder","ast-site-content-layout":"full-width-container","site-content-style":"default","site-sidebar-style":"default","ast-global-header-display":"","ast-banner-title-visibility":"","ast-main-header-display":"","ast-hfb-above-header-display":"","ast-hfb-below-header-display":"","ast-hfb-mobile-header-display":"","site-post-title":"disabled","ast-breadcrumbs-content":"","ast-featured-img":"disabled","footer-sml-layout":"","theme-transparent-header-meta":"","adv-header-id-meta":"","stick-header-meta":"","header-above-stick-meta":"","header-main-stick-meta":"","header-below-stick-meta":"","astra-migrate-meta-layouts":"set","ast-page-background-enabled":"default","ast-page-background-meta":{"desktop":{"background-color":"var(--ast-global-color-4)","background-image":"","background-repeat":"repeat","background-position":"center center","background-size":"auto","background-attachment":"scroll","background-type":"","background-media":"","overlay-type":"","overlay-color":"","overlay-gradient":""},"tablet":{"background-color":"","background-image":"","background-repeat":"repeat","background-position":"center center","background-size":"auto","background-attachment":"scroll","background-type":"","background-media":"","overlay-type":"","overlay-color":"","overlay-gradient":""},"mobile":{"background-color":"","background-image":"","background-repeat":"repeat","background-position":"center center","background-size":"auto","background-attachment":"scroll","background-type":"","background-media":"","overlay-type":"","overlay-color":"","overlay-gradient":""}},"ast-content-background-meta":{"desktop":{"background-color":"var(--ast-global-color-5)","background-image":"","background-repeat":"repeat","background-position":"center center","background-size":"auto","background-attachment":"scroll","background-type":"","background-media":"","overlay-type":"","overlay-color":"","overlay-gradient":""},"tablet":{"background-color":"var(--ast-global-color-5)","background-image":"","background-repeat":"repeat","background-position":"center center","background-size":"auto","background-attachment":"scroll","background-type":"","background-media":"","overlay-type":"","overlay-color":"","overlay-gradient":""},"mobile":{"background-color":"var(--ast-global-color-5)","background-image":"","background-repeat":"repeat","background-position":"center center","background-size":"auto","background-attachment":"scroll","background-type":"","background-media":"","overlay-type":"","overlay-color":"","overlay-gradient":""}},"footnotes":""},"_links":{"self":[{"href":"https:\/\/begabungsbruecke.de\/index.php?rest_route=\/wp\/v2\/pages\/4711"}],"collection":[{"href":"https:\/\/begabungsbruecke.de\/index.php?rest_route=\/wp\/v2\/pages"}],"about":[{"href":"https:\/\/begabungsbruecke.de\/index.php?rest_route=\/wp\/v2\/types\/page"}],"author":[{"embeddable":true,"href":"https:\/\/begabungsbruecke.de\/index.php?rest_route=\/wp\/v2\/users\/1"}],"replies":[{"embeddable":true,"href":"https:\/\/begabungsbruecke.de\/index.php?rest_route=%2Fwp%2Fv2%2Fcomments&post=4711"}],"version-history":[{"count":7,"href":"https:\/\/begabungsbruecke.de\/index.php?rest_route=\/wp\/v2\/pages\/4711\/revisions"}],"predecessor-version":[{"id":4721,"href":"https:\/\/begabungsbruecke.de\/index.php?rest_route=\/wp\/v2\/pages\/4711\/revisions\/4721"}],"wp:attachment":[{"href":"https:\/\/begabungsbruecke.de\/index.php?rest_route=%2Fwp%2Fv2%2Fmedia&parent=4711"}],"curies":[{"name":"wp","href":"https:\/\/api.w.org\/{rel}","templated":true}]}}