{"id":4638,"date":"2025-01-31T17:17:39","date_gmt":"2025-01-31T16:17:39","guid":{"rendered":"https:\/\/begabungsbruecke.de\/?page_id=4638"},"modified":"2025-01-31T17:26:28","modified_gmt":"2025-01-31T16:26:28","slug":"familienkonferenz","status":"publish","type":"page","link":"https:\/\/begabungsbruecke.de\/?page_id=4638","title":{"rendered":"Familienkonferenz"},"content":{"rendered":"\t\t<div data-elementor-type=\"wp-page\" data-elementor-id=\"4638\" class=\"elementor elementor-4638\">\n\t\t\t\t<div class=\"elementor-element elementor-element-230e991 e-flex e-con-boxed e-con e-parent\" data-id=\"230e991\" data-element_type=\"container\" data-settings=\"{&quot;background_background&quot;:&quot;classic&quot;}\">\n\t\t\t\t\t<div class=\"e-con-inner\">\n\t\t\t\t<div class=\"elementor-element elementor-element-569297e elementor-widget elementor-widget-heading\" data-id=\"569297e\" data-element_type=\"widget\" data-widget_type=\"heading.default\">\n\t\t\t\t<div class=\"elementor-widget-container\">\n\t\t\t\t\t<h1 class=\"elementor-heading-title elementor-size-default\">Familien\u00adkonferenz<\/h1>\t\t\t\t<\/div>\n\t\t\t\t<\/div>\n\t\t\t\t\t<\/div>\n\t\t\t\t<\/div>\n\t\t<div class=\"elementor-element elementor-element-1235a63 e-flex e-con-boxed e-con e-parent\" data-id=\"1235a63\" data-element_type=\"container\">\n\t\t\t\t\t<div class=\"e-con-inner\">\n\t\t\t\t<div class=\"elementor-element elementor-element-b15e8e6 elementor-widget elementor-widget-text-editor\" data-id=\"b15e8e6\" data-element_type=\"widget\" data-widget_type=\"text-editor.default\">\n\t\t\t\t<div class=\"elementor-widget-container\">\n\t\t\t\t\t\t\t\t\t<p>Mein besonderes Angebot f\u00fcr Sie und Ihre Familie. Im t\u00e4glichen Miteinander des Alltags entstehen oft ung\u00fcnstige Kommunikations\u00adstrukturen und Fronten verh\u00e4rten sich. Bei einer Familienkonferenz gibt es Ruhe und Zeit, sodass jeder seine Bed\u00fcrfnisse und W\u00fcnsche, seine Befindlichkeit und Sorgen \u00e4u\u00dfern kann, ohne unterbrochen zu werden, ohne Kommentare zu erhalten.<\/p><p>Ich bin dabei die Moderatorin, die auf die Einhaltung der Regeln achtet. Danach werden gemeinsam die wichtigsten Erkenntnisse herausgefiltert und im Einklang mit allen, Beschl\u00fcsse gefasst, die die Familie st\u00e4rken. Dabei unterst\u00fctze ich Sie mit meinen, bei der Konferenz gemachten, Aufzeichnungen.<br \/>Die Erfahrung zeigt, dass durch aktives Zuh\u00f6ren und dem sicher zugestandenen Raum, tief bewegende Dinge geteilt werden und dadurch neue Perspektiven wahrgenommen werden und wirkliche Begegnung stattfinden kann.<\/p><p>Termine k\u00f6nnen auch bei Ihnen, im gewohnten Familienumfeld, zu Hause erfolgen.<\/p>\t\t\t\t\t\t\t\t<\/div>\n\t\t\t\t<\/div>\n\t\t\t\t\t<\/div>\n\t\t\t\t<\/div>\n\t\t\t\t<\/div>\n\t\t","protected":false},"excerpt":{"rendered":"<p>Familien\u00adkonferenz Mein besonderes Angebot f\u00fcr Sie und Ihre Familie. Im t\u00e4glichen Miteinander des Alltags entstehen oft ung\u00fcnstige Kommunikations\u00adstrukturen und Fronten verh\u00e4rten sich. Bei einer Familienkonferenz gibt es Ruhe und Zeit, sodass jeder seine Bed\u00fcrfnisse und W\u00fcnsche, seine Befindlichkeit und Sorgen \u00e4u\u00dfern kann, ohne unterbrochen zu werden, ohne Kommentare zu erhalten. Ich bin dabei die Moderatorin, &hellip;<\/p>\n<p class=\"read-more\"> <a class=\"\" href=\"https:\/\/begabungsbruecke.de\/?page_id=4638\"> <span class=\"screen-reader-text\">Familienkonferenz<\/span> Weiterlesen &raquo;<\/a><\/p>\n","protected":false},"author":1,"featured_media":0,"parent":0,"menu_order":0,"comment_status":"closed","ping_status":"closed","template":"","meta":{"site-sidebar-layout":"no-sidebar","site-content-layout":"page-builder","ast-site-content-layout":"full-width-container","site-content-style":"default","site-sidebar-style":"default","ast-global-header-display":"","ast-banner-title-visibility":"","ast-main-header-display":"","ast-hfb-above-header-display":"","ast-hfb-below-header-display":"","ast-hfb-mobile-header-display":"","site-post-title":"disabled","ast-breadcrumbs-content":"","ast-featured-img":"disabled","footer-sml-layout":"","theme-transparent-header-meta":"","adv-header-id-meta":"","stick-header-meta":"","header-above-stick-meta":"","header-main-stick-meta":"","header-below-stick-meta":"","astra-migrate-meta-layouts":"set","ast-page-background-enabled":"default","ast-page-background-meta":{"desktop":{"background-color":"var(--ast-global-color-4)","background-image":"","background-repeat":"repeat","background-position":"center center","background-size":"auto","background-attachment":"scroll","background-type":"","background-media":"","overlay-type":"","overlay-color":"","overlay-gradient":""},"tablet":{"background-color":"","background-image":"","background-repeat":"repeat","background-position":"center center","background-size":"auto","background-attachment":"scroll","background-type":"","background-media":"","overlay-type":"","overlay-color":"","overlay-gradient":""},"mobile":{"background-color":"","background-image":"","background-repeat":"repeat","background-position":"center center","background-size":"auto","background-attachment":"scroll","background-type":"","background-media":"","overlay-type":"","overlay-color":"","overlay-gradient":""}},"ast-content-background-meta":{"desktop":{"background-color":"var(--ast-global-color-5)","background-image":"","background-repeat":"repeat","background-position":"center center","background-size":"auto","background-attachment":"scroll","background-type":"","background-media":"","overlay-type":"","overlay-color":"","overlay-gradient":""},"tablet":{"background-color":"var(--ast-global-color-5)","background-image":"","background-repeat":"repeat","background-position":"center center","background-size":"auto","background-attachment":"scroll","background-type":"","background-media":"","overlay-type":"","overlay-color":"","overlay-gradient":""},"mobile":{"background-color":"var(--ast-global-color-5)","background-image":"","background-repeat":"repeat","background-position":"center center","background-size":"auto","background-attachment":"scroll","background-type":"","background-media":"","overlay-type":"","overlay-color":"","overlay-gradient":""}},"footnotes":""},"_links":{"self":[{"href":"https:\/\/begabungsbruecke.de\/index.php?rest_route=\/wp\/v2\/pages\/4638"}],"collection":[{"href":"https:\/\/begabungsbruecke.de\/index.php?rest_route=\/wp\/v2\/pages"}],"about":[{"href":"https:\/\/begabungsbruecke.de\/index.php?rest_route=\/wp\/v2\/types\/page"}],"author":[{"embeddable":true,"href":"https:\/\/begabungsbruecke.de\/index.php?rest_route=\/wp\/v2\/users\/1"}],"replies":[{"embeddable":true,"href":"https:\/\/begabungsbruecke.de\/index.php?rest_route=%2Fwp%2Fv2%2Fcomments&post=4638"}],"version-history":[{"count":13,"href":"https:\/\/begabungsbruecke.de\/index.php?rest_route=\/wp\/v2\/pages\/4638\/revisions"}],"predecessor-version":[{"id":4656,"href":"https:\/\/begabungsbruecke.de\/index.php?rest_route=\/wp\/v2\/pages\/4638\/revisions\/4656"}],"wp:attachment":[{"href":"https:\/\/begabungsbruecke.de\/index.php?rest_route=%2Fwp%2Fv2%2Fmedia&parent=4638"}],"curies":[{"name":"wp","href":"https:\/\/api.w.org\/{rel}","templated":true}]}}