{"id":4546,"date":"2024-03-29T13:25:06","date_gmt":"2024-03-29T12:25:06","guid":{"rendered":"https:\/\/begabungsbruecke.de\/?page_id=4546"},"modified":"2025-02-14T04:29:41","modified_gmt":"2025-02-14T03:29:41","slug":"coaching","status":"publish","type":"page","link":"https:\/\/begabungsbruecke.de\/?page_id=4546","title":{"rendered":"Coaching"},"content":{"rendered":"\t\t<div data-elementor-type=\"wp-page\" data-elementor-id=\"4546\" class=\"elementor elementor-4546\">\n\t\t\t\t<div class=\"elementor-element elementor-element-9611d04 e-flex e-con-boxed e-con e-parent\" data-id=\"9611d04\" data-element_type=\"container\" data-settings=\"{&quot;background_background&quot;:&quot;classic&quot;}\">\n\t\t\t\t\t<div class=\"e-con-inner\">\n\t\t\t\t<div class=\"elementor-element elementor-element-c84be67 elementor-widget elementor-widget-heading\" data-id=\"c84be67\" data-element_type=\"widget\" data-widget_type=\"heading.default\">\n\t\t\t\t<div class=\"elementor-widget-container\">\n\t\t\t\t\t<h1 class=\"elementor-heading-title elementor-size-default\">Coaching<\/h1>\t\t\t\t<\/div>\n\t\t\t\t<\/div>\n\t\t\t\t\t<\/div>\n\t\t\t\t<\/div>\n\t\t<div class=\"elementor-element elementor-element-1e696d0 e-flex e-con-boxed e-con e-parent\" data-id=\"1e696d0\" data-element_type=\"container\">\n\t\t\t\t\t<div class=\"e-con-inner\">\n\t\t\t\t<div class=\"elementor-element elementor-element-a35d0c4 elementor-widget elementor-widget-text-editor\" data-id=\"a35d0c4\" data-element_type=\"widget\" data-widget_type=\"text-editor.default\">\n\t\t\t\t<div class=\"elementor-widget-container\">\n\t\t\t\t\t\t\t\t\t<p>Der Blick auf die eigene Begabung ist eng verkn\u00fcpft mit der pers\u00f6nlichen Entwicklung. Welche Zuschreibungen gebe ich mir selbst? Welche erhalte ich von anderen? Was traue ich mir zu? Welche Glaubenss\u00e4tze trage ich in mir? Lebe ich mein Leben? Wer bin ich, wenn ich niemand sein muss?<br>Im Coaching kann man diesen Fragen nachsp\u00fcren und schauen, ob es Ressourcen gibt, die ungenutzt sind, die eigenen Bed\u00fcrfnisse formulieren und nach Wegen schauen, ihnen gerecht zu werden. <br>Wenn wir unsere Begabungen leben, k\u00f6nnen wir unser Leben als erf\u00fcllt empfinden.<br><br><\/p>\t\t\t\t\t\t\t\t<\/div>\n\t\t\t\t<\/div>\n\t\t\t\t\t<\/div>\n\t\t\t\t<\/div>\n\t\t\t\t<\/div>\n\t\t","protected":false},"excerpt":{"rendered":"<p>Coaching Der Blick auf die eigene Begabung ist eng verkn\u00fcpft mit der pers\u00f6nlichen Entwicklung. Welche Zuschreibungen gebe ich mir selbst? Welche erhalte ich von anderen? Was traue ich mir zu? Welche Glaubenss\u00e4tze trage ich in mir? Lebe ich mein Leben? Wer bin ich, wenn ich niemand sein muss?Im Coaching kann man diesen Fragen nachsp\u00fcren und &hellip;<\/p>\n<p class=\"read-more\"> <a class=\"\" href=\"https:\/\/begabungsbruecke.de\/?page_id=4546\"> <span class=\"screen-reader-text\">Coaching<\/span> Weiterlesen &raquo;<\/a><\/p>\n","protected":false},"author":1,"featured_media":0,"parent":0,"menu_order":0,"comment_status":"closed","ping_status":"closed","template":"","meta":{"site-sidebar-layout":"no-sidebar","site-content-layout":"page-builder","ast-site-content-layout":"full-width-container","site-content-style":"default","site-sidebar-style":"default","ast-global-header-display":"","ast-banner-title-visibility":"","ast-main-header-display":"","ast-hfb-above-header-display":"","ast-hfb-below-header-display":"","ast-hfb-mobile-header-display":"","site-post-title":"disabled","ast-breadcrumbs-content":"","ast-featured-img":"disabled","footer-sml-layout":"","theme-transparent-header-meta":"","adv-header-id-meta":"","stick-header-meta":"","header-above-stick-meta":"","header-main-stick-meta":"","header-below-stick-meta":"","astra-migrate-meta-layouts":"default","ast-page-background-enabled":"default","ast-page-background-meta":{"desktop":{"background-color":"var(--ast-global-color-4)","background-image":"","background-repeat":"repeat","background-position":"center center","background-size":"auto","background-attachment":"scroll","background-type":"","background-media":"","overlay-type":"","overlay-color":"","overlay-gradient":""},"tablet":{"background-color":"","background-image":"","background-repeat":"repeat","background-position":"center center","background-size":"auto","background-attachment":"scroll","background-type":"","background-media":"","overlay-type":"","overlay-color":"","overlay-gradient":""},"mobile":{"background-color":"","background-image":"","background-repeat":"repeat","background-position":"center center","background-size":"auto","background-attachment":"scroll","background-type":"","background-media":"","overlay-type":"","overlay-color":"","overlay-gradient":""}},"ast-content-background-meta":{"desktop":{"background-color":"var(--ast-global-color-5)","background-image":"","background-repeat":"repeat","background-position":"center center","background-size":"auto","background-attachment":"scroll","background-type":"","background-media":"","overlay-type":"","overlay-color":"","overlay-gradient":""},"tablet":{"background-color":"var(--ast-global-color-5)","background-image":"","background-repeat":"repeat","background-position":"center center","background-size":"auto","background-attachment":"scroll","background-type":"","background-media":"","overlay-type":"","overlay-color":"","overlay-gradient":""},"mobile":{"background-color":"var(--ast-global-color-5)","background-image":"","background-repeat":"repeat","background-position":"center center","background-size":"auto","background-attachment":"scroll","background-type":"","background-media":"","overlay-type":"","overlay-color":"","overlay-gradient":""}},"footnotes":""},"_links":{"self":[{"href":"https:\/\/begabungsbruecke.de\/index.php?rest_route=\/wp\/v2\/pages\/4546"}],"collection":[{"href":"https:\/\/begabungsbruecke.de\/index.php?rest_route=\/wp\/v2\/pages"}],"about":[{"href":"https:\/\/begabungsbruecke.de\/index.php?rest_route=\/wp\/v2\/types\/page"}],"author":[{"embeddable":true,"href":"https:\/\/begabungsbruecke.de\/index.php?rest_route=\/wp\/v2\/users\/1"}],"replies":[{"embeddable":true,"href":"https:\/\/begabungsbruecke.de\/index.php?rest_route=%2Fwp%2Fv2%2Fcomments&post=4546"}],"version-history":[{"count":19,"href":"https:\/\/begabungsbruecke.de\/index.php?rest_route=\/wp\/v2\/pages\/4546\/revisions"}],"predecessor-version":[{"id":4692,"href":"https:\/\/begabungsbruecke.de\/index.php?rest_route=\/wp\/v2\/pages\/4546\/revisions\/4692"}],"wp:attachment":[{"href":"https:\/\/begabungsbruecke.de\/index.php?rest_route=%2Fwp%2Fv2%2Fmedia&parent=4546"}],"curies":[{"name":"wp","href":"https:\/\/api.w.org\/{rel}","templated":true}]}}