{"id":4461,"date":"2024-02-06T15:00:53","date_gmt":"2024-02-06T14:00:53","guid":{"rendered":"https:\/\/begabungsbruecke.de\/?page_id=4461"},"modified":"2025-02-12T16:29:22","modified_gmt":"2025-02-12T15:29:22","slug":"top-360","status":"publish","type":"page","link":"https:\/\/begabungsbruecke.de\/?page_id=4461","title":{"rendered":"TOP 360\u00b0"},"content":{"rendered":"\t\t<div data-elementor-type=\"wp-page\" data-elementor-id=\"4461\" class=\"elementor elementor-4461\">\n\t\t\t\t<div class=\"elementor-element elementor-element-a5b5186 e-flex e-con-boxed e-con e-parent\" data-id=\"a5b5186\" data-element_type=\"container\" data-settings=\"{&quot;background_background&quot;:&quot;classic&quot;}\">\n\t\t\t\t\t<div class=\"e-con-inner\">\n\t\t\t\t<div class=\"elementor-element elementor-element-0e610d4 elementor-widget elementor-widget-heading\" data-id=\"0e610d4\" data-element_type=\"widget\" data-widget_type=\"heading.default\">\n\t\t\t\t<div class=\"elementor-widget-container\">\n\t\t\t\t\t<h1 class=\"elementor-heading-title elementor-size-default\">TOP 360\u00b0<\/h1>\t\t\t\t<\/div>\n\t\t\t\t<\/div>\n\t\t\t\t\t<\/div>\n\t\t\t\t<\/div>\n\t\t<div class=\"elementor-element elementor-element-a2249e2 e-flex e-con-boxed e-con e-parent\" data-id=\"a2249e2\" data-element_type=\"container\">\n\t\t\t\t\t<div class=\"e-con-inner\">\n\t\t\t\t<div class=\"elementor-element elementor-element-e60f92d elementor-widget elementor-widget-text-editor\" data-id=\"e60f92d\" data-element_type=\"widget\" data-widget_type=\"text-editor.default\">\n\t\t\t\t<div class=\"elementor-widget-container\">\n\t\t\t\t\t\t\t\t\t<h3>\u00a0<\/h3><h3>TOP (Trainingsbegleitende Osnabr\u00fccker Potentialdiagnostik)<\/h3><p>TOP ist ein diagnostisches System, das ein differenziertes Profil der individuellen Pers\u00f6nlichkeit und des Potenzials eines Menschen darstellt. Dabei wird ein Gesamtprofil erstellt, dass die Kompetenzen und Funktionen identifiziert, die f\u00fcr Effizienz und Ausgeglichenheit von wesentlicher Bedeutung sind. Bei ihnen liegen die gr\u00f6\u00dften Chancen f\u00fcr die pers\u00f6nliche Entwicklung.<\/p><p>Entwickelt wurde die TOP360\u00b0 von Prof. Dr. Julius Kuhl und seinem Team an der Universit\u00e4t Osnabr\u00fcck.<\/p><p>Ich setze die TOP bei Erwachsenen und Jugendlichen ab etwa 14 Jahren zur Unterst\u00fctzung der begabungspsychologischen Beratung ein. Sie bearbeiten zu Hause in aller Ruhe in ungef\u00e4hr zwei bis drei Stunden die Testfragen am Computer.\u00a0<\/p><p>Nach der Auswertung schauen wir gemeinsam, wo die Ressourcen Ihrer Entwicklungsm\u00f6glichkeiten liegen. Dieses Gespr\u00e4ch an zwei Terminen, dauert circa 4 &#8211; 6 Stunden.<br \/>Wir erarbeiten dabei gemeinsam Ihre wesentlichen Fragen, die sich aus der Auswertung ergeben und die Ansatzpunkte f\u00fcr Ihre weitere Entwicklung.<\/p>\t\t\t\t\t\t\t\t<\/div>\n\t\t\t\t<\/div>\n\t\t\t\t\t<\/div>\n\t\t\t\t<\/div>\n\t\t\t\t<\/div>\n\t\t","protected":false},"excerpt":{"rendered":"<p>TOP 360\u00b0 \u00a0 TOP (Trainingsbegleitende Osnabr\u00fccker Potentialdiagnostik) TOP ist ein diagnostisches System, das ein differenziertes Profil der individuellen Pers\u00f6nlichkeit und des Potenzials eines Menschen darstellt. Dabei wird ein Gesamtprofil erstellt, dass die Kompetenzen und Funktionen identifiziert, die f\u00fcr Effizienz und Ausgeglichenheit von wesentlicher Bedeutung sind. Bei ihnen liegen die gr\u00f6\u00dften Chancen f\u00fcr die pers\u00f6nliche Entwicklung. &hellip;<\/p>\n<p class=\"read-more\"> <a class=\"\" href=\"https:\/\/begabungsbruecke.de\/?page_id=4461\"> <span class=\"screen-reader-text\">TOP 360\u00b0<\/span> Weiterlesen &raquo;<\/a><\/p>\n","protected":false},"author":1,"featured_media":0,"parent":0,"menu_order":0,"comment_status":"closed","ping_status":"closed","template":"","meta":{"site-sidebar-layout":"no-sidebar","site-content-layout":"page-builder","ast-site-content-layout":"full-width-container","site-content-style":"default","site-sidebar-style":"default","ast-global-header-display":"","ast-banner-title-visibility":"","ast-main-header-display":"","ast-hfb-above-header-display":"","ast-hfb-below-header-display":"","ast-hfb-mobile-header-display":"","site-post-title":"disabled","ast-breadcrumbs-content":"","ast-featured-img":"disabled","footer-sml-layout":"","theme-transparent-header-meta":"","adv-header-id-meta":"","stick-header-meta":"","header-above-stick-meta":"","header-main-stick-meta":"","header-below-stick-meta":"","astra-migrate-meta-layouts":"set","ast-page-background-enabled":"default","ast-page-background-meta":{"desktop":{"background-color":"var(--ast-global-color-4)","background-image":"","background-repeat":"repeat","background-position":"center center","background-size":"auto","background-attachment":"scroll","background-type":"","background-media":"","overlay-type":"","overlay-color":"","overlay-gradient":""},"tablet":{"background-color":"","background-image":"","background-repeat":"repeat","background-position":"center center","background-size":"auto","background-attachment":"scroll","background-type":"","background-media":"","overlay-type":"","overlay-color":"","overlay-gradient":""},"mobile":{"background-color":"","background-image":"","background-repeat":"repeat","background-position":"center center","background-size":"auto","background-attachment":"scroll","background-type":"","background-media":"","overlay-type":"","overlay-color":"","overlay-gradient":""}},"ast-content-background-meta":{"desktop":{"background-color":"var(--ast-global-color-5)","background-image":"","background-repeat":"repeat","background-position":"center center","background-size":"auto","background-attachment":"scroll","background-type":"","background-media":"","overlay-type":"","overlay-color":"","overlay-gradient":""},"tablet":{"background-color":"var(--ast-global-color-5)","background-image":"","background-repeat":"repeat","background-position":"center center","background-size":"auto","background-attachment":"scroll","background-type":"","background-media":"","overlay-type":"","overlay-color":"","overlay-gradient":""},"mobile":{"background-color":"var(--ast-global-color-5)","background-image":"","background-repeat":"repeat","background-position":"center center","background-size":"auto","background-attachment":"scroll","background-type":"","background-media":"","overlay-type":"","overlay-color":"","overlay-gradient":""}},"footnotes":""},"_links":{"self":[{"href":"https:\/\/begabungsbruecke.de\/index.php?rest_route=\/wp\/v2\/pages\/4461"}],"collection":[{"href":"https:\/\/begabungsbruecke.de\/index.php?rest_route=\/wp\/v2\/pages"}],"about":[{"href":"https:\/\/begabungsbruecke.de\/index.php?rest_route=\/wp\/v2\/types\/page"}],"author":[{"embeddable":true,"href":"https:\/\/begabungsbruecke.de\/index.php?rest_route=\/wp\/v2\/users\/1"}],"replies":[{"embeddable":true,"href":"https:\/\/begabungsbruecke.de\/index.php?rest_route=%2Fwp%2Fv2%2Fcomments&post=4461"}],"version-history":[{"count":19,"href":"https:\/\/begabungsbruecke.de\/index.php?rest_route=\/wp\/v2\/pages\/4461\/revisions"}],"predecessor-version":[{"id":4683,"href":"https:\/\/begabungsbruecke.de\/index.php?rest_route=\/wp\/v2\/pages\/4461\/revisions\/4683"}],"wp:attachment":[{"href":"https:\/\/begabungsbruecke.de\/index.php?rest_route=%2Fwp%2Fv2%2Fmedia&parent=4461"}],"curies":[{"name":"wp","href":"https:\/\/api.w.org\/{rel}","templated":true}]}}